{"id":1322,"date":"2021-12-02T21:03:39","date_gmt":"2021-12-02T21:03:39","guid":{"rendered":"https:\/\/zspbierdzany.pl\/?page_id=1322"},"modified":"2021-12-02T21:09:49","modified_gmt":"2021-12-02T21:09:49","slug":"regulamin-stroju","status":"publish","type":"page","link":"https:\/\/zspbierdzany.pl\/index.php\/regulamin-stroju\/","title":{"rendered":"Regulamin stroju"},"content":{"rendered":"<p><strong>Regulamin stroju uczniowskiego w Publicznej Szkole Podstawowej <\/strong><br \/>\n<strong>w\u00a0 Bierdzanach<\/strong><\/p>\n<p>Ucze\u0144 ma obowi\u0105zek nosi\u0107 str\u00f3j szkolny codzienny i galowy, indywidualnie dobrany, spe\u0142niaj\u0105cy nast\u0119puj\u0105ce warunki<strong>: <\/strong><\/p>\n<p><strong>\u00a0 \u00a0 \u00a01) Przez str\u00f3j galowy nale\u017cy rozumie\u0107: <\/strong><\/p>\n<ul>\n<li>dla dziewcz\u0105t &#8211; ciemna sp\u00f3dnica b\u0105d\u017a spodnie i bia\u0142a bluzka;<\/li>\n<li>dla ch\u0142opc\u00f3w &#8211; ciemne spodnie i bia\u0142a koszula;<\/li>\n<\/ul>\n<p>Str\u00f3j galowy\u00a0 obowi\u0105zuje\u00a0 podczas:<br \/>\na) apeli z okazji uroczysto\u015bci szkolnych i pa\u0144stwowych,<br \/>\nb) uroczystego rozpocz\u0119cia i zako\u0144czenia roku szkolnego,<br \/>\nc) reprezentowania szko\u0142y na konkursach szkolnych i pozaszkolnych,<br \/>\nd) egzamin\u00f3w szkolnych,<br \/>\ne) uroczysto\u015bci okazjonalnych \u2013 reprezentuj\u0105c szko\u0142\u0119.<\/p>\n<p><strong>\u00a0 \u00a0 \u00a0 \u00a02)<\/strong> <strong>Codzienny str\u00f3j uczniowski powinien by\u0107<\/strong>:<\/p>\n<ul>\n<li>schludny, czysty, estetyczny,<\/li>\n<li>stosowny \u2013 nie mo\u017ce ods\u0142ania\u0107 dekoltu, brzucha, plec\u00f3w, ca\u0142ych ramion,<\/li>\n<li>sp\u00f3dnica i kr\u00f3tkie spodnie nie kr\u00f3tsze ni\u017c do po\u0142owy\u00a0 uda.\n<p><strong>3) Wygl\u0105d\u00a0\u00a0 ucznia<\/p>\n<p><\/strong><\/li>\n<li>W\u0142osy<br \/>\na) czyste, uczesane,<br \/>\nb) niefarbowane,<\/li>\n<\/ul>\n<ul>\n<li>Paznokcie<br \/>\na) czyste, stosunkowo kr\u00f3tkie bez kolorowych lakier\u00f3w i zdobie\u0144,<\/li>\n<\/ul>\n<ul>\n<li>Ozdoby<br \/>\na) bi\u017cuteria skromna, bezpieczna,<br \/>\nb) obowi\u0105zuje\u00a0 zakaz makija\u017cu (z wyj\u0105tkiem okazji typu: bal karnawa\u0142owy, dyskoteka),<br \/>\nc) uczniowie nie nosz\u0105 nakry\u0107 g\u0142owy (kaptury, czapki) w budynku szko\u0142y,<br \/>\nd) ubranie ucznia nie mo\u017ce zawiera\u0107 element\u00f3w militarnych, obra\u017caj\u0105cych uczucia patriotyczne, religijne i moralne, nie mo\u017ce reklamowa\u0107 niedozwolonych u\u017cywek.<\/li>\n<\/ul>\n<ul>\n<li>Obuwie<br \/>\na) na terenie szko\u0142y ucze\u0144 jest zobowi\u0105zany posiada\u0107 obuwie zmienne ( sezon jesienno-zimowy),<br \/>\nb) obowi\u0105zkiem ucznia jest dopilnowa\u0107, aby obuwie mia\u0142o zawi\u0105zane sznurowad\u0142a.<\/li>\n<\/ul>\n<p><strong>4)<\/strong> Podczas zaj\u0119\u0107 wychowania fizycznego obowi\u0105zuje str\u00f3j i obuwie sportowe zgodnie z wymogami nauczyciela przedmiotu.<\/p>\n<p><strong>5)<\/strong> Za nieprzestrzeganie w\/w regulaminu ucze\u0144 mo\u017ce ponie\u015b\u0107 konsekwencje zgodnie z regulaminem oceny zachowania.<\/p>\n","protected":false},"excerpt":{"rendered":"<p>Regulamin stroju uczniowskiego w Publicznej Szkole Podstawowej w\u00a0 Bierdzanach Ucze\u0144 ma obowi\u0105zek nosi\u0107 str\u00f3j szkolny codzienny i galowy, indywidualnie dobrany, spe\u0142niaj\u0105cy nast\u0119puj\u0105ce warunki: \u00a0 \u00a0 \u00a01) Przez str\u00f3j galowy nale\u017cy rozumie\u0107: dla dziewcz\u0105t &#8211; ciemna sp\u00f3dnica b\u0105d\u017a spodnie i bia\u0142a bluzka; dla ch\u0142opc\u00f3w &#8211; ciemne spodnie i bia\u0142a koszula; Str\u00f3j galowy\u00a0 obowi\u0105zuje\u00a0 podczas: a) apeli &hellip; <\/p>\n<p class=\"link-more\"><a href=\"https:\/\/zspbierdzany.pl\/index.php\/regulamin-stroju\/\" class=\"more-link\">Czytaj dalej<span class=\"screen-reader-text\"> Regulamin stroju<\/span><\/a><\/p>\n","protected":false},"author":2,"featured_media":0,"parent":0,"menu_order":0,"comment_status":"closed","ping_status":"closed","template":"","meta":{"footnotes":""},"_links":{"self":[{"href":"https:\/\/zspbierdzany.pl\/index.php\/wp-json\/wp\/v2\/pages\/1322"}],"collection":[{"href":"https:\/\/zspbierdzany.pl\/index.php\/wp-json\/wp\/v2\/pages"}],"about":[{"href":"https:\/\/zspbierdzany.pl\/index.php\/wp-json\/wp\/v2\/types\/page"}],"author":[{"embeddable":true,"href":"https:\/\/zspbierdzany.pl\/index.php\/wp-json\/wp\/v2\/users\/2"}],"replies":[{"embeddable":true,"href":"https:\/\/zspbierdzany.pl\/index.php\/wp-json\/wp\/v2\/comments?post=1322"}],"version-history":[{"count":5,"href":"https:\/\/zspbierdzany.pl\/index.php\/wp-json\/wp\/v2\/pages\/1322\/revisions"}],"predecessor-version":[{"id":1330,"href":"https:\/\/zspbierdzany.pl\/index.php\/wp-json\/wp\/v2\/pages\/1322\/revisions\/1330"}],"wp:attachment":[{"href":"https:\/\/zspbierdzany.pl\/index.php\/wp-json\/wp\/v2\/media?parent=1322"}],"curies":[{"name":"wp","href":"https:\/\/api.w.org\/{rel}","templated":true}]}}