{"id":1958,"date":"2022-08-29T19:55:45","date_gmt":"2022-08-29T19:55:45","guid":{"rendered":"https:\/\/zspbierdzany.pl\/?page_id=1958"},"modified":"2022-08-29T19:55:45","modified_gmt":"2022-08-29T19:55:45","slug":"kacik-rodzica","status":"publish","type":"page","link":"https:\/\/zspbierdzany.pl\/index.php\/kacik-rodzica\/","title":{"rendered":"K\u0105cik rodzica"},"content":{"rendered":"<p>Rodzice, zadbajcie !<br \/>\n&#8211; by ubranie i obuwie nie sprawia\u0142y dziecku k\u0142opotu<br \/>\n(kupujcie buty na rzepy, spodenki na gumk\u0119 w pasie),<br \/>\n&#8211; przyzwyczajajcie dziecko, aby samo zak\u0142ada\u0142o ubranie,<br \/>\n&#8211; pozw\u00f3lcie dziecku na samodzielne radzenie sobie<br \/>\nw toalecie,<br \/>\n&#8211; respektujcie ustalone zasady post\u0119powania na linii<br \/>\nprzedszkole &#8211; dom,<br \/>\n&#8211; uczcie swoje dziecko zwrot\u00f3w grzeczno\u015bciowych;prosz\u0119,<br \/>\ndzi\u0119kuj\u0119, przepraszam,<br \/>\n&#8211; nie odbierajcie informacji problemowych jako skarg\u0119<br \/>\nna dziecko lecz jako trosk\u0119 do rozwi\u0105zania trudno\u015bci,<br \/>\n&#8211; rozmawiajcie z dzieckiem o przedszkolu, kolegach,<br \/>\nzabawach,<br \/>\n&#8211; ogl\u0105dajcie prace dziecka.<\/p>\n<p>Wychowawca grupy m\u0142odszej<\/p>\n","protected":false},"excerpt":{"rendered":"<p>Rodzice, zadbajcie ! &#8211; by ubranie i obuwie nie sprawia\u0142y dziecku k\u0142opotu (kupujcie buty na rzepy, spodenki na gumk\u0119 w pasie), &#8211; przyzwyczajajcie dziecko, aby samo zak\u0142ada\u0142o ubranie, &#8211; pozw\u00f3lcie dziecku na samodzielne radzenie sobie w toalecie, &#8211; respektujcie ustalone zasady post\u0119powania na linii przedszkole &#8211; dom, &#8211; uczcie swoje dziecko zwrot\u00f3w grzeczno\u015bciowych;prosz\u0119, dzi\u0119kuj\u0119, przepraszam, &hellip; <\/p>\n<p class=\"link-more\"><a href=\"https:\/\/zspbierdzany.pl\/index.php\/kacik-rodzica\/\" class=\"more-link\">Czytaj dalej<span class=\"screen-reader-text\"> K\u0105cik rodzica<\/span><\/a><\/p>\n","protected":false},"author":2,"featured_media":0,"parent":0,"menu_order":0,"comment_status":"closed","ping_status":"closed","template":"","meta":{"footnotes":""},"_links":{"self":[{"href":"https:\/\/zspbierdzany.pl\/index.php\/wp-json\/wp\/v2\/pages\/1958"}],"collection":[{"href":"https:\/\/zspbierdzany.pl\/index.php\/wp-json\/wp\/v2\/pages"}],"about":[{"href":"https:\/\/zspbierdzany.pl\/index.php\/wp-json\/wp\/v2\/types\/page"}],"author":[{"embeddable":true,"href":"https:\/\/zspbierdzany.pl\/index.php\/wp-json\/wp\/v2\/users\/2"}],"replies":[{"embeddable":true,"href":"https:\/\/zspbierdzany.pl\/index.php\/wp-json\/wp\/v2\/comments?post=1958"}],"version-history":[{"count":1,"href":"https:\/\/zspbierdzany.pl\/index.php\/wp-json\/wp\/v2\/pages\/1958\/revisions"}],"predecessor-version":[{"id":1959,"href":"https:\/\/zspbierdzany.pl\/index.php\/wp-json\/wp\/v2\/pages\/1958\/revisions\/1959"}],"wp:attachment":[{"href":"https:\/\/zspbierdzany.pl\/index.php\/wp-json\/wp\/v2\/media?parent=1958"}],"curies":[{"name":"wp","href":"https:\/\/api.w.org\/{rel}","templated":true}]}}