{"id":2028,"date":"2022-09-03T22:38:13","date_gmt":"2022-09-03T22:38:13","guid":{"rendered":"https:\/\/zspbierdzany.pl\/?page_id=2028"},"modified":"2026-04-13T11:10:26","modified_gmt":"2026-04-13T11:10:26","slug":"jadlospis-1-09-2-09-2022-r","status":"publish","type":"page","link":"https:\/\/zspbierdzany.pl\/index.php\/jadlospis-1-09-2-09-2022-r\/","title":{"rendered":"JAD\u0141OSPIS: 13.04 \u201317.04.2026 r."},"content":{"rendered":"<p><strong><u>PONIEDZIA\u0141EK <\/u>\u00a0\u00a0\u00a0\u00a0\u00a0\u00a0\u00a0\u00a0\u00a0\u00a0<\/strong><\/p>\n<p><u>\u015aniadanie:<\/u> Chleb s\u0142onecznikowy z mas\u0142em (1), szynka wieprzowa, og\u00f3rek zielony, pomidorki, papryka czerwona, szczypiorek, herbata z cytryn\u0105<\/p>\n<p><u>II \u2013 \u015bniadanie<\/u>: banan, \u017curawina<\/p>\n<p><u>Obiad<\/u>: Zupa broku\u0142owa z ziemniakami zabielana (7) i (9), zapiekanka (makaron \u015bwiderki, ser \u017c\u00f3\u0142ty mozzarella, pieczarki, par\u00f3wka), ketchup, kompot wieloowocowy, kiwi<\/p>\n<p><u>Podwieczorek:<\/u> Bu\u0142ka wroc\u0142awska z mas\u0142em (1), filet z makreli w pomidorze (4), og\u00f3rek kiszony, herbata mi\u0119towa, jab\u0142ko<\/p>\n<p><strong><u>WTOREK<\/u><\/strong><\/p>\n<p><u>\u015aniadanie<\/u>: Zupa mleczna- p\u0142atki owsiane (7), bu\u0142eczki ma\u015blane z mas\u0142em (1), pasta z jajek, og\u00f3rek zielony, pomidorki, ser \u017c\u00f3\u0142ty, papryka \u017c\u00f3\u0142ta<\/p>\n<p><u>II-\u015bniadanie<\/u>: gruszka marchewka do chrupania<\/p>\n<p><u>Obiad<\/u>: Ros\u00f3\u0142 z lanym ciastem (9), gulasz wieprzowy, ziemniaki, sur\u00f3wka z kapusty peki\u0144skiej, kompot z czarnej porzeczki, mandarynka<\/p>\n<p><u>Podwieczorek:<\/u> Wafel ry\u017cowy, mi\u00f3d, jab\u0142ko<\/p>\n<p><strong><u>\u015aRODA <\/u>\u00a0\u00a0\u00a0\u00a0\u00a0\u00a0\u00a0\u00a0\u00a0\u00a0<\/strong><\/p>\n<p><u>\u015aniadanie<\/u>: Bu\u0142ka wroc\u0142awska z mas\u0142em (1), par\u00f3wka drobiowa na gor\u0105co, og\u00f3rek zielony, rzodkiewka, sa\u0142ata, pomidorki, papryka czerwona, szczypiorek, kawa zbo\u017cowa z mlekiem (7)<\/p>\n<p><u>II-\u015bniadanie<\/u>: orzechy nerkowca, banan<\/p>\n<p><u>Obiad<\/u>: Zupa z dyni (9), filet drobiowy w potrawce warzywnej, ry\u017c bia\u0142y i br\u0105zowy, s\u0142upek og\u00f3rka kiszonego, woda z cytryn\u0105 i pomara\u0144cz\u0105, jab\u0142ko<\/p>\n<p><u>Podwieczorek:<\/u>\u00a0 Nale\u015bniki z powid\u0142ami \u015bliwkowymi, herbata melisa, mandarynka<\/p>\n<p><strong><u>CZWARTEK<\/u><\/strong><\/p>\n<p><u>\u015aniadanie<\/u>: Chleb razowy ziarnisty (1), szynka z indyka, ser \u017c\u00f3\u0142ty (7), jajko gotowane (3), og\u00f3rek zielony, papryka czerwona, pomidor, rzodkiewka, kakao (7)<\/p>\n<p><u>II-\u015bniadanie<\/u>: mus owocowy (jab\u0142ko, banan, marchewka)<\/p>\n<p><u>Obiad<\/u>: Zupa neapolita\u0144ska (7) i (9), podudzia z kurczaka, ziemniaki, marchewka na parze, kompot jagodowy, gruszka<\/p>\n<p><u>Podwieczorek<\/u>: Budy\u0144 waniliowy z malinami, ciastko biszkoptowe<\/p>\n<p><strong><u>PI\u0104TEK<\/u><\/strong><\/p>\n<p><u>\u015aniadanie:<\/u> Chleb pszenno-\u017cytni z mas\u0142em (1), pasta z sera \u017c\u00f3\u0142tego, og\u00f3rek zielony, papryka czerwona, pomidorki, kawa zbo\u017cowa z mlekiem<\/p>\n<p><u>II-\u015bniadanie<\/u>: serek danonek waniliowy<\/p>\n<p><u>Obiad<\/u>: Zupa ry\u017cowa z koperkiem (9), ryba duszona, ziemniaki, sur\u00f3wka z kapusty kiszonej, kompot wieloowocowy, kiwi<\/p>\n<p><u>Podwieczorek:<\/u> Banan polany czekolad\u0105 gorzk\u0105, ciastko \u015bmietankowe<\/p>\n<p>&nbsp;<\/p>\n<p>SPORZ\u0104DZI\u0141A:\u00a0\u00a0\u00a0\u00a0\u00a0\u00a0\u00a0\u00a0\u00a0\u00a0\u00a0\u00a0\u00a0\u00a0\u00a0\u00a0\u00a0\u00a0\u00a0\u00a0\u00a0\u00a0\u00a0\u00a0\u00a0\u00a0\u00a0\u00a0\u00a0\u00a0\u00a0\u00a0\u00a0\u00a0\u00a0\u00a0\u00a0\u00a0\u00a0\u00a0\u00a0\u00a0\u00a0\u00a0\u00a0\u00a0\u00a0 ZATWIERDZI\u0141A:<\/p>\n<p>Intendent\u00a0\u00a0\u00a0\u00a0\u00a0\u00a0\u00a0\u00a0\u00a0\u00a0\u00a0\u00a0\u00a0\u00a0\u00a0\u00a0\u00a0\u00a0\u00a0\u00a0\u00a0\u00a0\u00a0\u00a0\u00a0\u00a0\u00a0\u00a0\u00a0\u00a0\u00a0\u00a0\u00a0\u00a0\u00a0\u00a0\u00a0\u00a0\u00a0\u00a0\u00a0\u00a0\u00a0\u00a0\u00a0\u00a0\u00a0\u00a0\u00a0\u00a0\u00a0\u00a0\u00a0\u00a0\u00a0\u00a0\u00a0\u00a0\u00a0 Dyrektor\u00a0 ZSP<\/p>\n<p>&nbsp;<\/p>\n<p>&nbsp;<\/p>\n<p>Jad\u0142ospis mo\u017ce ulec zmianie<\/p>\n","protected":false},"excerpt":{"rendered":"<p>PONIEDZIA\u0141EK \u00a0\u00a0\u00a0\u00a0\u00a0\u00a0\u00a0\u00a0\u00a0\u00a0 \u015aniadanie: Chleb s\u0142onecznikowy z mas\u0142em (1), szynka wieprzowa, og\u00f3rek zielony, pomidorki, papryka czerwona, szczypiorek, herbata z cytryn\u0105 II \u2013 \u015bniadanie: banan, \u017curawina Obiad: Zupa broku\u0142owa z ziemniakami zabielana (7) i (9), zapiekanka (makaron \u015bwiderki, ser \u017c\u00f3\u0142ty mozzarella, pieczarki, par\u00f3wka), ketchup, kompot wieloowocowy, kiwi Podwieczorek: Bu\u0142ka wroc\u0142awska z mas\u0142em (1), filet z makreli w &hellip; <\/p>\n<p class=\"link-more\"><a href=\"https:\/\/zspbierdzany.pl\/index.php\/jadlospis-1-09-2-09-2022-r\/\" class=\"more-link\">Czytaj dalej<span class=\"screen-reader-text\"> JAD\u0141OSPIS: 13.04 \u201317.04.2026 r.<\/span><\/a><\/p>\n","protected":false},"author":2,"featured_media":0,"parent":0,"menu_order":0,"comment_status":"closed","ping_status":"closed","template":"","meta":{"footnotes":""},"_links":{"self":[{"href":"https:\/\/zspbierdzany.pl\/index.php\/wp-json\/wp\/v2\/pages\/2028"}],"collection":[{"href":"https:\/\/zspbierdzany.pl\/index.php\/wp-json\/wp\/v2\/pages"}],"about":[{"href":"https:\/\/zspbierdzany.pl\/index.php\/wp-json\/wp\/v2\/types\/page"}],"author":[{"embeddable":true,"href":"https:\/\/zspbierdzany.pl\/index.php\/wp-json\/wp\/v2\/users\/2"}],"replies":[{"embeddable":true,"href":"https:\/\/zspbierdzany.pl\/index.php\/wp-json\/wp\/v2\/comments?post=2028"}],"version-history":[{"count":42,"href":"https:\/\/zspbierdzany.pl\/index.php\/wp-json\/wp\/v2\/pages\/2028\/revisions"}],"predecessor-version":[{"id":4978,"href":"https:\/\/zspbierdzany.pl\/index.php\/wp-json\/wp\/v2\/pages\/2028\/revisions\/4978"}],"wp:attachment":[{"href":"https:\/\/zspbierdzany.pl\/index.php\/wp-json\/wp\/v2\/media?parent=2028"}],"curies":[{"name":"wp","href":"https:\/\/api.w.org\/{rel}","templated":true}]}}