{"id":2058,"date":"2022-09-16T14:13:47","date_gmt":"2022-09-16T14:13:47","guid":{"rendered":"https:\/\/zspbierdzany.pl\/?page_id=2058"},"modified":"2026-04-26T23:02:32","modified_gmt":"2026-04-26T23:02:32","slug":"jadlospis-19-09-23-09-2022r","status":"publish","type":"page","link":"https:\/\/zspbierdzany.pl\/index.php\/jadlospis-19-09-23-09-2022r\/","title":{"rendered":"JAD\u0141OSPIS: 27.04 \u2013 1.05.2026 r."},"content":{"rendered":"<p><strong><u>PONIEDZIA\u0141EK <\/u>\u00a0\u00a0\u00a0\u00a0\u00a0\u00a0\u00a0\u00a0\u00a0\u00a0<\/strong><\/p>\n<p><u>\u015aniadanie:<\/u> Chleb razowy ze siemieniem\u00a0 z mas\u0142em (1), szynka wieprzowa, salami, og\u00f3rek zielony, pomidorki, papryka czerwonak, sa\u0142ata zielona, herbata z cytryn\u0105<\/p>\n<p><u>II \u2013 \u015bniadanie<\/u>: kiwi, \u017curawina<\/p>\n<p><u>Obiad<\/u>: Kapu\u015bniak z ziemniakami (9), ry\u017c bia\u0142y na mleku, polewa jogurtowa o smaku truskawkowym (jogurt naturalny i mro\u017cone truskawki ) (7), kompot wieloowocowy, marchewka do chrupania<\/p>\n<p><u>Podwieczorek:<\/u> Bu\u0142ka wroc\u0142awska z mas\u0142em (1), kabanosy drobiowe (tarczy\u0144ski), pomidorki, herbata mi\u0119towa, gruszka<\/p>\n<p><strong><u>WTOREK<\/u><\/strong><\/p>\n<p><u>\u015aniadanie<\/u>: Zupa mleczna- zacierka (7), bu\u0142eczki ma\u015blane z mas\u0142em (1), ser \u017c\u00f3\u0142ty, jajko gotowane, papryka czerwona, \u017c\u00f3\u0142ta, og\u00f3rek zielony<\/p>\n<p><u>II-\u015bniadanie<\/u>: banan, orzechy w\u0142oskie<\/p>\n<p><u>Obiad<\/u>: Zupa grysikowa z kalafiorem(9), befsztyk wieprzowy, ziemniaki, fasola szparagowa zielona i \u017c\u00f3\u0142ta na parze, kompot wieloowocowy, kiwi<\/p>\n<p><u>Podwieczorek:<\/u> Oponki serowe, herbata malinowo-\u017curawinowa, jab\u0142ko<\/p>\n<p><strong><u>\u015aRODA <\/u>\u00a0\u00a0\u00a0\u00a0\u00a0\u00a0\u00a0\u00a0\u00a0\u00a0<\/strong><\/p>\n<p><u>\u015aniadanie<\/u>: Bu\u0142ka wroc\u0142awska z mas\u0142em (1), szynka z indyka, og\u00f3rek zielony, rzodkiewka, sa\u0142ata, pomidorki, papryka czerwona, szczypiorek, kawa zbo\u017cowa z mlekiem (7)<\/p>\n<p><u>II-\u015bniadanie<\/u>: banan, marchewka do chrupania<\/p>\n<p><u>Obiad<\/u>: Zupa szpinakowa z ziemniakami zabielana (7) i (9), \u0142azanki (makaron \u0142azankowy, kapusta kiszona, kie\u0142basa \u015bl\u0105ska, boczek parzony), kompot z czarnej porzeczki, truskawki<\/p>\n<p><u>Podwieczorek:<\/u>\u00a0 Kisiel z malinami, ciastko owsiane<\/p>\n<p><strong><u>CZWARTEK<\/u><\/strong><\/p>\n<p><u>\u015aniadanie<\/u>: Chleb pszenno-\u017cytni z mas\u0142em (1), pol\u0119dwica sopocka, ser \u017c\u00f3\u0142ty (7), jajko gotowane, og\u00f3rek zielony, papryka czerwona, pomidor, rzodkiewka, kakao (7)<\/p>\n<p><u>II-\u015bniadanie<\/u>: jab\u0142ko, czekolada gorzka<\/p>\n<p><u>Obiad<\/u>: Zupa ry\u017cowa z koperkiem (9), frykasy drobiowe, ziemniaki, sur\u00f3wka z bia\u0142ek kapusty, kompot wieloowocowy, gruszka<\/p>\n<p><u>Podwieczorek:<\/u> Bu\u0142ka wroc\u0142awska z mas\u0142em, d\u017cem truskawkowy, herbata z cytryn\u0105, kiwi<\/p>\n<p><strong><u>PI\u0104TEK<\/u><\/strong><\/p>\n<p><u>\u015aniadanie: <\/u><\/p>\n<p><u>II-\u015bniadanie<\/u>:<\/p>\n<p><u>Obiad<\/u>:<\/p>\n<p><u>Podwieczorek:<\/u><\/p>\n<p>&nbsp;<\/p>\n<p>&nbsp;<\/p>\n<p>SPORZ\u0104DZI\u0141A:\u00a0\u00a0\u00a0\u00a0\u00a0\u00a0\u00a0\u00a0\u00a0\u00a0\u00a0\u00a0\u00a0\u00a0\u00a0\u00a0\u00a0\u00a0\u00a0\u00a0\u00a0\u00a0\u00a0\u00a0\u00a0\u00a0\u00a0\u00a0\u00a0\u00a0\u00a0\u00a0\u00a0\u00a0\u00a0\u00a0\u00a0\u00a0\u00a0\u00a0\u00a0\u00a0\u00a0\u00a0\u00a0\u00a0\u00a0 ZATWIERDZI\u0141A:<\/p>\n<p>Intendent\u00a0 \u00a0\u00a0\u00a0\u00a0\u00a0\u00a0\u00a0\u00a0\u00a0\u00a0\u00a0\u00a0\u00a0\u00a0\u00a0\u00a0\u00a0\u00a0\u00a0\u00a0\u00a0\u00a0\u00a0\u00a0\u00a0\u00a0\u00a0\u00a0\u00a0\u00a0\u00a0\u00a0\u00a0\u00a0\u00a0\u00a0\u00a0\u00a0\u00a0\u00a0\u00a0\u00a0\u00a0\u00a0\u00a0\u00a0\u00a0\u00a0\u00a0\u00a0\u00a0\u00a0\u00a0\u00a0\u00a0\u00a0\u00a0\u00a0Dyrektor\u00a0 ZSP<\/p>\n<p>&nbsp;<\/p>\n<p>Jad\u0142ospis mo\u017ce ulec zmianie<\/p>\n","protected":false},"excerpt":{"rendered":"<p>PONIEDZIA\u0141EK \u00a0\u00a0\u00a0\u00a0\u00a0\u00a0\u00a0\u00a0\u00a0\u00a0 \u015aniadanie: Chleb razowy ze siemieniem\u00a0 z mas\u0142em (1), szynka wieprzowa, salami, og\u00f3rek zielony, pomidorki, papryka czerwonak, sa\u0142ata zielona, herbata z cytryn\u0105 II \u2013 \u015bniadanie: kiwi, \u017curawina Obiad: Kapu\u015bniak z ziemniakami (9), ry\u017c bia\u0142y na mleku, polewa jogurtowa o smaku truskawkowym (jogurt naturalny i mro\u017cone truskawki ) (7), kompot wieloowocowy, marchewka do chrupania Podwieczorek: &hellip; <\/p>\n<p class=\"link-more\"><a href=\"https:\/\/zspbierdzany.pl\/index.php\/jadlospis-19-09-23-09-2022r\/\" class=\"more-link\">Czytaj dalej<span class=\"screen-reader-text\"> JAD\u0141OSPIS: 27.04 \u2013 1.05.2026 r.<\/span><\/a><\/p>\n","protected":false},"author":2,"featured_media":0,"parent":0,"menu_order":0,"comment_status":"closed","ping_status":"closed","template":"","meta":{"footnotes":""},"_links":{"self":[{"href":"https:\/\/zspbierdzany.pl\/index.php\/wp-json\/wp\/v2\/pages\/2058"}],"collection":[{"href":"https:\/\/zspbierdzany.pl\/index.php\/wp-json\/wp\/v2\/pages"}],"about":[{"href":"https:\/\/zspbierdzany.pl\/index.php\/wp-json\/wp\/v2\/types\/page"}],"author":[{"embeddable":true,"href":"https:\/\/zspbierdzany.pl\/index.php\/wp-json\/wp\/v2\/users\/2"}],"replies":[{"embeddable":true,"href":"https:\/\/zspbierdzany.pl\/index.php\/wp-json\/wp\/v2\/comments?post=2058"}],"version-history":[{"count":43,"href":"https:\/\/zspbierdzany.pl\/index.php\/wp-json\/wp\/v2\/pages\/2058\/revisions"}],"predecessor-version":[{"id":4981,"href":"https:\/\/zspbierdzany.pl\/index.php\/wp-json\/wp\/v2\/pages\/2058\/revisions\/4981"}],"wp:attachment":[{"href":"https:\/\/zspbierdzany.pl\/index.php\/wp-json\/wp\/v2\/media?parent=2058"}],"curies":[{"name":"wp","href":"https:\/\/api.w.org\/{rel}","templated":true}]}}