{"id":4025,"date":"2023-12-16T11:38:33","date_gmt":"2023-12-16T11:38:33","guid":{"rendered":"https:\/\/zspbierdzany.pl\/?page_id=4025"},"modified":"2023-12-16T11:38:33","modified_gmt":"2023-12-16T11:38:33","slug":"historia-szkoly-w-bierdzanach","status":"publish","type":"page","link":"https:\/\/zspbierdzany.pl\/index.php\/historia-szkoly-w-bierdzanach\/","title":{"rendered":"Historia szko\u0142y w Bierdzanach"},"content":{"rendered":"<p>Szko\u0142a w Bierdzanach istnia\u0142a ju\u017c w XVIII w. Pocz\u0105tkowo by\u0142 to stary, drewniany budynek. Ucz\u0119szcza\u0142o do niej 149 uczni\u00f3w, pracowa\u0142 jeden nauczyciel i pomocnik nauczyciela. Nadz\u00f3r nad plac\u00f3wk\u0105 sprawowa\u0142 inspektor z Opola.<\/p>\n<p>W 1900 r. do szko\u0142y ucz\u0119szcza\u0142o 186 uczni\u00f3w. Nauka odbywa\u0142a si\u0119 w trzech klasach.<\/p>\n<p>W 1911 r. by\u0142 to budynek parterowy kryty gontem, w kt\u00f3rym uczy\u0142o si\u0119 ju\u017c 236 uczni\u00f3w w czterech klasach.<\/p>\n<p>Szko\u0142\u0119 rozbudowano w 1912 r. lub w 1914 r.<\/p>\n<p>W 1925 r. ucz\u0119szcza\u0142o do niej 191 uczni\u00f3w; wszyscy wyznania katolickiego. Nauka odbywa\u0142a si\u0119 w czterech salach lekcyjnych. Nauczycieli by\u0142o pi\u0119ciu. Wie\u015b Bierdzany zamieszkiwa\u0142o\u00a0 wtedy 887 mieszka\u0144c\u00f3w. Wi\u0119kszo\u015b\u0107 nauczycieli mieszka\u0142a w budynku, w kt\u00f3rym mie\u015bci si\u0119 obecne przedszkole.<\/p>\n<p>W czasie II wojny \u015bwiatowej szko\u0142a w Bierdzanach zosta\u0142a spalona, zniszczeniu uleg\u0142 dach i\u00a0mieszkania nauczycielskie na pi\u0119trze. Pozosta\u0142y tylko \u015bciany budynku. Jeszcze w 1945 r. zaj\u0119cia zacz\u0119\u0142y odbywa\u0107 si\u0119 w budynku obok ko\u015bcio\u0142a, obecnie dom ten jest w\u0142asno\u015bci\u0105 pa\u0144stwa Kowalczyk.<\/p>\n<p>Gdy kierownikiem szko\u0142y zosta\u0142 pan Ko\u015bcielniak, mieszka\u0144cy wsi odbudowali spalony budynek w czynie spo\u0142ecznym. Naprawiono wtedy szkody, jakie powsta\u0142y w wyniku po\u017caru. Nie zmieniono bry\u0142y budynku, ale szko\u0142a sta\u0142a si\u0119 parterowa. Odbudowan\u0105 Szko\u0142\u0119 Podstawow\u0105 w Bierdzanach oddano do u\u017cytku w 1950 r. Jej kierownikiem zosta\u0142 Zdzis\u0142aw Tunia. W 1952 r. zast\u0105pi\u0142 go J\u00f3zef Szajca. A w roku szkolnym 1952\/1953 prac\u0119 rozpocz\u0105\u0142 nowy kierownik szko\u0142y \u2013 Jan Janicki.<\/p>\n<p>W 1961 r. przy szkole podstawowej zosta\u0142a za\u0142o\u017cona dru\u017cyna harcerska. Druhowie uchwalili, \u017ce jej patronem zostanie Adam Mickiewicz, a chusty b\u0119d\u0105 mia\u0142y kolor zielony. Dru\u017cyna harcerska nosi\u0142a nr 53 i przyj\u0119\u0142a nazw\u0119 \u201ePrzyjaciele Przyrody\u201d.<\/p>\n<p>W roku szkolnym 1986\/1987 dyrektorem szko\u0142y zosta\u0142a pani Barbara Ruczy\u0144ska. Wieloletni dyrektor tej plac\u00f3wki Jan Janicki przeszed\u0142 na zas\u0142u\u017con\u0105 emerytur\u0119. Dwa lata p\u00f3\u017aniej d\u0142ugoletnia nauczycielka szko\u0142y, pani Maria Bodnaru\u015b zosta\u0142a odznaczona Z\u0142otym Krzy\u017cem Zas\u0142ugi za osi\u0105gni\u0119cia w swojej pracy.<\/p>\n<p>Szko\u0142a Podstawowa w Bierdzanach nie posiada\u0142a sali gimnastycznej. Zosta\u0142a ona wybudowana przez mieszka\u0144c\u00f3w Bierdzan. Do jej powstania przyczynili si\u0119 wszyscy mieszka\u0144cy i nauczyciele, kt\u00f3rzy zdobywali sponsor\u00f3w i wykonywali liczne prace spo\u0142eczne. W 2003 r. odby\u0142o si\u0119 uroczyste otwarcie nowo wybudowanej sali.<\/p>\n","protected":false},"excerpt":{"rendered":"<p>Szko\u0142a w Bierdzanach istnia\u0142a ju\u017c w XVIII w. Pocz\u0105tkowo by\u0142 to stary, drewniany budynek. Ucz\u0119szcza\u0142o do niej 149 uczni\u00f3w, pracowa\u0142 jeden nauczyciel i pomocnik nauczyciela. Nadz\u00f3r nad plac\u00f3wk\u0105 sprawowa\u0142 inspektor z Opola. W 1900 r. do szko\u0142y ucz\u0119szcza\u0142o 186 uczni\u00f3w. Nauka odbywa\u0142a si\u0119 w trzech klasach. W 1911 r. by\u0142 to budynek parterowy kryty gontem, &hellip; <\/p>\n<p class=\"link-more\"><a href=\"https:\/\/zspbierdzany.pl\/index.php\/historia-szkoly-w-bierdzanach\/\" class=\"more-link\">Czytaj dalej<span class=\"screen-reader-text\"> Historia szko\u0142y w Bierdzanach<\/span><\/a><\/p>\n","protected":false},"author":2,"featured_media":0,"parent":0,"menu_order":0,"comment_status":"closed","ping_status":"closed","template":"","meta":{"footnotes":""},"_links":{"self":[{"href":"https:\/\/zspbierdzany.pl\/index.php\/wp-json\/wp\/v2\/pages\/4025"}],"collection":[{"href":"https:\/\/zspbierdzany.pl\/index.php\/wp-json\/wp\/v2\/pages"}],"about":[{"href":"https:\/\/zspbierdzany.pl\/index.php\/wp-json\/wp\/v2\/types\/page"}],"author":[{"embeddable":true,"href":"https:\/\/zspbierdzany.pl\/index.php\/wp-json\/wp\/v2\/users\/2"}],"replies":[{"embeddable":true,"href":"https:\/\/zspbierdzany.pl\/index.php\/wp-json\/wp\/v2\/comments?post=4025"}],"version-history":[{"count":1,"href":"https:\/\/zspbierdzany.pl\/index.php\/wp-json\/wp\/v2\/pages\/4025\/revisions"}],"predecessor-version":[{"id":4026,"href":"https:\/\/zspbierdzany.pl\/index.php\/wp-json\/wp\/v2\/pages\/4025\/revisions\/4026"}],"wp:attachment":[{"href":"https:\/\/zspbierdzany.pl\/index.php\/wp-json\/wp\/v2\/media?parent=4025"}],"curies":[{"name":"wp","href":"https:\/\/api.w.org\/{rel}","templated":true}]}}