{"id":750,"date":"2021-08-09T15:57:43","date_gmt":"2021-08-09T15:57:43","guid":{"rendered":"http:\/\/zspbierdzany.pl\/?page_id=750"},"modified":"2024-07-29T15:11:26","modified_gmt":"2024-07-29T15:11:26","slug":"wykaz-podrecznikow-2021-2022","status":"publish","type":"page","link":"https:\/\/zspbierdzany.pl\/index.php\/wykaz-podrecznikow-2021-2022\/","title":{"rendered":"Wykaz podr\u0119cznik\u00f3w 2024\/2025"},"content":{"rendered":"<p style=\"text-align: center;\">Wykaz podr\u0119cznik\u00f3w do zakupu przez rodzic\u00f3w na rok szkolny 2024\/2025 w Zespole Szkolno-Przedszkolnym w Bierdzanach<\/p>\n<p>Sze\u015bciolatki<\/p>\n<p>religia:<\/p>\n<p><strong>&#8222;Kocham Dobrego Boga&#8221;<\/strong> &#8211; podr\u0119cznik do nauki religii dla dzieci sze\u015bcioletnich pod redakcj\u0105 El\u017cbiety Osewskiej i ks. J\u00f3zefa Stali<\/p>\n<p>kl. II<\/p>\n<p>religia:<\/p>\n<p>Podr\u0119cznik pt.<strong> \u201eJeste\u015bmy przyjaci\u00f3\u0142mi Jezusa\u201d<\/strong>.\u00a0 Autor: red. ks. dr hab. Jerzy Kostorz, prof. UO Wydawca: Wydawnictwo \u015awi\u0119tego Krzy\u017ca, Opole<\/p>\n<p>kl. III<\/p>\n<p>religia:<\/p>\n<p>Podr\u0119cznik pt.<strong> \u201eW drodze na spotkanie z Jezusem\u201d<\/strong>.\u00a0 Autor: red. ks. dr hab. Jerzy Kostorz, prof. UO Wydawca: Wydawnictwo \u015awi\u0119tego Krzy\u017ca, Opole<\/p>\n<p>kl. V<\/p>\n<p>j\u0119zyk niemiecki:<\/p>\n<p>Ich und du neu. Podr\u0119cznik do j\u0119zyka niemieckiego i zeszyt \u0107wicze\u0144 wersja rozszerzona dla klasy 5 \u2013 autor M. Kozubska, E. Krawczyk, L. Zast\u0105pi\u0142o\u2013 Wydawnictwo Szkolne PWN<\/p>\n<p>religia:<\/p>\n<p>Podr\u0119cznik pt. <strong>\u201eCzekaj\u0105c na zbawiciela\u201d. <\/strong>\u00a0Autor: red. ks. dr hab. Jerzy Kostorz, prof. UO Wydawca: Wydawnictwo \u015awi\u0119tego Krzy\u017ca, Opole<\/p>\n<p>kl. VI<\/p>\n<p>religia:<\/p>\n<p>Podr\u0119cznik pt. \u201e<strong>Chrystus naszym Zbawicielem<\/strong>\u201d.\u00a0 Autor: red. ks. dr hab. Jerzy Kostorz, prof. UO Wydawca: Wydawnictwo \u015awi\u0119tego Krzy\u017ca, Opole<\/p>\n<p>j\u0119zyk niemiecki:<\/p>\n<p>Ich und du neu. Podr\u0119cznik do j\u0119zyka niemieckiego i zeszyt \u0107wicze\u0144 wersja rozszerzona dla klasy 6 \u2013 autor M. Kozubska, E. Krawczyk, L. Zast\u0105pi\u0142o\u2013 Wydawnictwo Szkolne PWN<\/p>\n<p>kl. VIII<\/p>\n<p>religia:<\/p>\n<p>Podr\u0119cznik pt. \u201e<strong>Moja odpowied\u017a na zbawienie<\/strong>\u201d.\u00a0 Autor: red. ks. dr hab. Jerzy Kostorz, prof. UO Wydawca: Wydawnictwo \u015awi\u0119tego Krzy\u017ca, Opole<\/p>\n","protected":false},"excerpt":{"rendered":"<p>Wykaz podr\u0119cznik\u00f3w do zakupu przez rodzic\u00f3w na rok szkolny 2024\/2025 w Zespole Szkolno-Przedszkolnym w Bierdzanach Sze\u015bciolatki religia: &#8222;Kocham Dobrego Boga&#8221; &#8211; podr\u0119cznik do nauki religii dla dzieci sze\u015bcioletnich pod redakcj\u0105 El\u017cbiety Osewskiej i ks. J\u00f3zefa Stali kl. II religia: Podr\u0119cznik pt. \u201eJeste\u015bmy przyjaci\u00f3\u0142mi Jezusa\u201d.\u00a0 Autor: red. ks. dr hab. Jerzy Kostorz, prof. UO Wydawca: Wydawnictwo &hellip; <\/p>\n<p class=\"link-more\"><a href=\"https:\/\/zspbierdzany.pl\/index.php\/wykaz-podrecznikow-2021-2022\/\" class=\"more-link\">Czytaj dalej<span class=\"screen-reader-text\"> Wykaz podr\u0119cznik\u00f3w 2024\/2025<\/span><\/a><\/p>\n","protected":false},"author":1,"featured_media":0,"parent":0,"menu_order":0,"comment_status":"closed","ping_status":"closed","template":"","meta":{"footnotes":""},"_links":{"self":[{"href":"https:\/\/zspbierdzany.pl\/index.php\/wp-json\/wp\/v2\/pages\/750"}],"collection":[{"href":"https:\/\/zspbierdzany.pl\/index.php\/wp-json\/wp\/v2\/pages"}],"about":[{"href":"https:\/\/zspbierdzany.pl\/index.php\/wp-json\/wp\/v2\/types\/page"}],"author":[{"embeddable":true,"href":"https:\/\/zspbierdzany.pl\/index.php\/wp-json\/wp\/v2\/users\/1"}],"replies":[{"embeddable":true,"href":"https:\/\/zspbierdzany.pl\/index.php\/wp-json\/wp\/v2\/comments?post=750"}],"version-history":[{"count":8,"href":"https:\/\/zspbierdzany.pl\/index.php\/wp-json\/wp\/v2\/pages\/750\/revisions"}],"predecessor-version":[{"id":4421,"href":"https:\/\/zspbierdzany.pl\/index.php\/wp-json\/wp\/v2\/pages\/750\/revisions\/4421"}],"wp:attachment":[{"href":"https:\/\/zspbierdzany.pl\/index.php\/wp-json\/wp\/v2\/media?parent=750"}],"curies":[{"name":"wp","href":"https:\/\/api.w.org\/{rel}","templated":true}]}}