{"id":835,"date":"2021-08-17T18:21:32","date_gmt":"2021-08-17T18:21:32","guid":{"rendered":"http:\/\/zspbierdzany.pl\/?page_id=835"},"modified":"2023-08-31T18:17:32","modified_gmt":"2023-08-31T18:17:32","slug":"psycholog","status":"publish","type":"page","link":"https:\/\/zspbierdzany.pl\/index.php\/psycholog\/","title":{"rendered":"Psycholog"},"content":{"rendered":"<div class=\"plotis\">\n<div id=\"cnt\" class=\"font1 pad7\">\n<div align=\"left\">\n<p><strong>PLA<\/strong><strong>N PRACY\u00a0 \u00a0 \u00a0 \u00a0 <\/strong><strong>\u00a0 \u00a0<\/strong><\/p>\n<p>Wtorek \u2013 10<sup>00<\/sup>\u00a0&#8211; 15<sup>30<\/sup><\/p>\n<p><strong>Drogi Uczniu, czekam na Ciebie, gdy:<\/strong><\/p>\n<ul>\n<li>\u00a0\u00a0\u00a0 czujesz, \u017ce\u00a0 jeste\u015b samotny i nikt Ci\u0119 nie rozumie;<\/li>\n<li>\u00a0\u00a0\u00a0 masz problemy rodzinne;<\/li>\n<li>\u00a0\u00a0\u00a0 jeste\u015b w trudnej sytuacji materialnej;<\/li>\n<li>\u00a0\u00a0\u00a0 masz problem i nie wiesz jak go rozwi\u0105za\u0107;<\/li>\n<li>\u00a0\u00a0\u00a0 jeste\u015b dyslektykiem;<\/li>\n<li>\u00a0\u00a0\u00a0 nie potrafisz porozumie\u0107 si\u0119 z nauczycielem, kolegami;<\/li>\n<li>\u00a0\u00a0\u00a0 chcia\u0142by\u015b pom\u00f3c innym i nie wiesz, w jaki spos\u00f3b to zrobi\u0107;<\/li>\n<li>\u00a0\u00a0\u00a0 masz ciekawe pomys\u0142y, kt\u00f3rymi chcesz si\u0119 podzieli\u0107;<\/li>\n<li>\u00a0\u00a0\u00a0 chcesz podzieli\u0107 si\u0119 swoj\u0105 rado\u015bci\u0105, sukcesem.<\/li>\n<\/ul>\n<p>&nbsp;<\/p>\n<p>Przyjd\u017a z ka\u017cd\u0105 spraw\u0105, z kt\u00f3r\u0105 sam nie potrafisz sobie poradzi\u0107.<\/p>\n<p>&nbsp;<\/p>\n<\/div>\n<\/div>\n<\/div>\n","protected":false},"excerpt":{"rendered":"<p>PLAN PRACY\u00a0 \u00a0 \u00a0 \u00a0 \u00a0 \u00a0 Wtorek \u2013 1000\u00a0&#8211; 1530 Drogi Uczniu, czekam na Ciebie, gdy: \u00a0\u00a0\u00a0 czujesz, \u017ce\u00a0 jeste\u015b samotny i nikt Ci\u0119 nie rozumie; \u00a0\u00a0\u00a0 masz problemy rodzinne; \u00a0\u00a0\u00a0 jeste\u015b w trudnej sytuacji materialnej; \u00a0\u00a0\u00a0 masz problem i nie wiesz jak go rozwi\u0105za\u0107; \u00a0\u00a0\u00a0 jeste\u015b dyslektykiem; \u00a0\u00a0\u00a0 nie potrafisz porozumie\u0107 si\u0119 z &hellip; <\/p>\n<p class=\"link-more\"><a href=\"https:\/\/zspbierdzany.pl\/index.php\/psycholog\/\" class=\"more-link\">Czytaj dalej<span class=\"screen-reader-text\"> Psycholog<\/span><\/a><\/p>\n","protected":false},"author":1,"featured_media":0,"parent":0,"menu_order":0,"comment_status":"closed","ping_status":"closed","template":"","meta":{"footnotes":""},"_links":{"self":[{"href":"https:\/\/zspbierdzany.pl\/index.php\/wp-json\/wp\/v2\/pages\/835"}],"collection":[{"href":"https:\/\/zspbierdzany.pl\/index.php\/wp-json\/wp\/v2\/pages"}],"about":[{"href":"https:\/\/zspbierdzany.pl\/index.php\/wp-json\/wp\/v2\/types\/page"}],"author":[{"embeddable":true,"href":"https:\/\/zspbierdzany.pl\/index.php\/wp-json\/wp\/v2\/users\/1"}],"replies":[{"embeddable":true,"href":"https:\/\/zspbierdzany.pl\/index.php\/wp-json\/wp\/v2\/comments?post=835"}],"version-history":[{"count":3,"href":"https:\/\/zspbierdzany.pl\/index.php\/wp-json\/wp\/v2\/pages\/835\/revisions"}],"predecessor-version":[{"id":3413,"href":"https:\/\/zspbierdzany.pl\/index.php\/wp-json\/wp\/v2\/pages\/835\/revisions\/3413"}],"wp:attachment":[{"href":"https:\/\/zspbierdzany.pl\/index.php\/wp-json\/wp\/v2\/media?parent=835"}],"curies":[{"name":"wp","href":"https:\/\/api.w.org\/{rel}","templated":true}]}}