{"id":969,"date":"2021-09-04T13:56:21","date_gmt":"2021-09-04T13:56:21","guid":{"rendered":"https:\/\/zspbierdzany.pl\/?page_id=969"},"modified":"2024-12-28T19:30:04","modified_gmt":"2024-12-28T19:30:04","slug":"szkolny-zestaw-programow-nauczania","status":"publish","type":"page","link":"https:\/\/zspbierdzany.pl\/index.php\/szkolny-zestaw-programow-nauczania\/","title":{"rendered":"Szkolny zestaw program\u00f3w nauczania"},"content":{"rendered":"<p style=\"text-align: center;\"><strong>Szkolny zestaw program\u00f3w nauczania<\/strong><\/p>\n<p style=\"text-align: center;\"><strong>w roku szkolnym 2024\/2025<\/strong><\/p>\n<ol>\n<li>Program edukacji wczesnoszkolnej w klasach 1-3 \u201eWielka przygoda\u201d \u2013do\u015bwiadczam-prze\u017cywam-poznaj\u0119-wyja\u015bniam-tworz\u0119. A. Budniak, M. Kisiel, M. Mnich &#8211;\u00a0kl. II.<\/li>\n<li>Program nauczania edukacji wczesnoszkolnej dla klas I-III Nowi Tropiciele Ma\u0142gorzata Kaczmarek, Jolanta Podsiad\u0142o, Monika Rogalska, Anna Tuli\u0144ska. &#8211;\u00a0kl.\u00a0III.<\/li>\n<li>Program nauczania wychowania fizycznego dla klas I &#8211; III ,,Nowi tropiciele&#8221; Ma\u0142gorzata Kaczmarek, Jolanta Podsiad\u0142o, Monika Rogalska, Anna Tuli\u0144ska &#8211; kl.\u00a0III.<\/li>\n<li>Program nauczania j\u0119zyka angielskiego dla I etapu edukacyjnego. Szko\u0142a podstawowa, klasy I-III \u2013 I. Studzi\u0144ska, A. M\u0119dla, E. Piotrowska, A. Sikorska, K. Komarnicka \u2013\u00a0kl. II.<\/li>\n<li>Program nauczania j\u0119zyka angielskiego klasy I \u2013 III szko\u0142y podstawowej \u2013 Mariola Bogucka \u2013\u00a0kl. III.<\/li>\n<li>\u201eAb in die Kinderwelt\u201d. Program nauczania j\u0119zyka niemieckiego jako j\u0119zyka mniejszo\u015bci narodowej dla klas I &#8211; III szko\u0142y podstawowej &#8211; Iwona Bregu\u0142a- Hanysek, Katarzyna Kr\u00f3l, Ma\u0142gorzata Paszkowiak, Justyna Stysiek &#8211;\u00a0kl. II i III<\/li>\n<li>Program dla klas I-IV \u00a0\u201ePan Jezus przychodzi do mnie\u201d \u2013 dr Maria Ludwig, Anna \u015awita\u0142a &#8211;\u00a0kl. II i III.<\/li>\n<li>\u201eNowe s\u0142owa na start!\u201d. Program nauczania og\u00f3lnego j\u0119zyka polskiego w klasach IV-VIII szko\u0142y podstawowej \u2013 Marlena Derlukiewicz \u2013\u00a0kl. V, VI, VII.<\/li>\n<li>Program nauczania z j\u0119zyka angielskiego dla II-ego etapu edukacyjnego \u2013 Ewa Piotrowska, Tomasz Sztyber, Katarzyna Komarnicka \u2013\u00a0kl. V.<\/li>\n<li>Program nauczania j\u0119zyka angielskiego w klasach IV &#8211; VIII szko\u0142y podstawowej \u2013 Melanie Ellis, Anna Rak \u2013\u00a0kl. VI, VIII.<\/li>\n<li>\u201eChill mit Deutsch! &#8211; Neu\u201d Program nauczania j\u0119zyka niemieckiego jako j\u0119zyka mniejszo\u015bci narodowej dla 2 etapu edukacji \u2013 Iwona Bregu\u0142a \u00a0\u00a0\u2013\u00a0 Hanysek,\u00a0 Ma\u0142gorzata\u00a0 Paszkowiak\u00a0 i\u00a0 Barbara Chy\u0142ka &#8211;\u00a0kl. V, VI.<\/li>\n<li>\u201eAutorski program nauczania do zaj\u0119\u0107 lekcyjnych w\u0142asnej historii i kultury mniejszo\u015bci niemieckiej\u201d &#8211; Agata Makiola &#8211;\u00a0kl. V i VI.<\/li>\n<li>Program nauczania j\u0119zyka obcego w klasach IV\u2013VIII szko\u0142y podstawowej &#8211; Sylwia Rapacka, Katarzyna W\u00f3jcik &#8211;\u00a0kl. VIII.<\/li>\n<li>Program nauczania og\u00f3lnego historii w klasach 4\u20138 szko\u0142y podstawowej\u00a0\u201eWczoraj i dzi\u015b\u201d \u2013 T. Ma\u0107kowski \u2013\u00a0kl. V, VI, VIII.<\/li>\n<li>\u201eDzi\u015b i jutro\u201d. Program nauczania wiedzy o spo\u0142ecze\u0144stwie w szkole podstawowej\u00a0 \u2013 Barbara Furman \u2013\u00a0kl. VIII.<\/li>\n<li>Matematyka z plusem. Program nauczania matematyki w klasach 4\u20138 w szkole podstawowej \u2013 M. Jucewicz, M. Karpi\u0144ski, J. Lech &#8211;\u00a0kl. V, VI, VIII.<\/li>\n<li>Program nauczania geografii dla szko\u0142y podstawowej \u201ePlaneta Nowa\u201d &#8211; Ewa Maria Tuz, Barbara Dziedzic &#8211;\u00a0kl. V, VI i VIII.<\/li>\n<li>Program nauczania biologii w klasach 5\u20138 szko\u0142y podstawowej \u201ePuls \u017cycia\u201d &#8211; Anna Zdziennicka &#8211;\u00a0kl. V, VI i VIII.<\/li>\n<li>Program nauczania chemii w szkole podstawowej \u201e\u015awiat chemii\u201d &#8211; Anna Warcho\u0142 &#8211;\u00a0kl. VIII.<\/li>\n<li>\u201e\u015awiat fizyki\u201d Program nauczania fizyki w klasach 7-8 szko\u0142y podstawowej &#8211; Barbara Sagnowska &#8211;\u00a0kl. VIII.<\/li>\n<li>Program nauczania plastyki w klasach 4\u20137 szko\u0142y podstawowej. \u201eDo dzie\u0142a!\u201d\u00a0 &#8211; Jadwiga Lukas, Krystyna Onak, Marta Ipczy\u0144ska, Natalia Mrozkowiak -kl. V i VI.<\/li>\n<li>Program nauczania muzyki w klasach IV &#8211; VII szko\u0142y podstawowej \u201eLekcja muzyki\u201d &#8211; Monika Gromek, Gra\u017cyna Kilbach &#8211;\u00a0kl. V i VI.<\/li>\n<li>Program nauczania edukacji dla bezpiecze\u0144stwa w szkole podstawowej &#8211; Jaros\u0142aw S\u0142oma\u00a0&#8211;\u00a0kl. VIII.<\/li>\n<li>Program nauczania informatyki w szkole podstawowej \u201eLubi\u0119 to!\u201d &#8211; M. K\u0119ska &#8211;\u00a0kl. V, VI, VIII.<\/li>\n<li>Program nauczania techniki w szkole podstawowej \u201eJak to dzia\u0142a?\u201d\u00a0 \u2013 Lech \u0141abecki, Marta \u0141abecka \u2013\u00a0kl. V, VI.<\/li>\n<li>\u201eWarto\u015bci i aktualizacje\u201d. Autorski program nauczania wychowania fizycznego dla klas IV \u2013 VIII szko\u0142y podstawowej &#8211; AAlicja Romanowska &#8211;\u00a0kl. V, VI, VIII.<\/li>\n<li>Program dla klas V-VIII \u00a0\u201eB\u00f3g zbawia mnie dzi\u015b\u201d \u2013 ks. Artur Juzwa, ks. Micha\u0142 Krupa &#8211;\u00a0kl. V, VI, VIII.<\/li>\n<li>Program nauczania z wychowania do \u017cycia w rodzinie ,,W\u0119druj\u0105c ku doros\u0142o\u015bci&#8221; \u2013 Teresa Kr\u00f3l &#8211;\u00a0kl. V, VI, VIII.<\/li>\n<li>\u201eZaplanuj swoj\u0105 przysz\u0142o\u015b\u0107\u201d. Program doradztwa zawodowego &#8211; Mariola Podbro\u017cny &#8211;\u00a0kl. VIII.<\/li>\n<\/ol>\n<p>&nbsp;<\/p>\n<p>&nbsp;<\/p>\n<p style=\"text-align: center;\"><strong>D E C Y Z J A\u00a0\u00a0\u00a0\u00a0 D Y R E K T O R A<\/strong><\/p>\n<p>Dzia\u0142aj\u0105c na podstawie\u00a0Art. 293 ustawy z dnia 14 grudnia 2016 r. &#8211; Przepisy wprowadzaj\u0105ce ustaw\u0119 \u2013 Prawo o\u015bwiatowe ((Dz. U. z 2017 r. poz. 60 ze zm.) po uzyskaniu pozytywnej opinii Rady Pedagogicznej z dnia 30.08.2024 r.<\/p>\n<p style=\"text-align: center;\"><strong>dopuszczam<\/strong><\/p>\n<p>przedstawione programy do u\u017cytku szkolnego\u00a0i nadaj\u0119 im\u00a0 numery w szkolnym zestawie program\u00f3w nauczania.<\/p>\n<p style=\"text-align: center;\">\u00a0 \u00a0 \u00a0 \u00a0 \u00a0 \u00a0 \u00a0 \u00a0 \u00a0 \u00a0 \u00a0 \u00a0 \u00a0 \u00a0 \u00a0 \u00a0 \u00a0 \u00a0 \u00a0 \u00a0 \u00a0 \u00a0 \u00a0 \u00a0 \u00a0 \u00a0 \u00a0 \u00a0 \u00a0 \u00a0 \u00a0 \u00a0 \u00a0 \u00a0 \u00a0 \u00a0 \u00a0 \u00a0 \u00a0 \u00a0 \u00a0 \u00a0 \u00a0 \u00a0 \u00a0 \u00a0 \u00a0 \u00a0 \u00a0 \u00a0 \u00a0 \u00a0 \u00a0 \u00a0 \u00a0 \u00a0 \u00a0 \u00a0 \u00a0 \u00a0 \u00a0 \u00a0 \u00a0 \u00a0 \u00a0 \u00a0 \u00a0 \u00a0 \u00a0 \u00a0 \u00a0 \u00a030.08.2023 r. \u00a0\u00a0\u00a0\u00a0\u00a0\u00a0\u00a0\u00a0\u00a0\u00a0\u00a0\u00a0 Ewa Gancarz<\/p>\n<p style=\"text-align: center;\"><em>\u00a0 \u00a0 \u00a0 \u00a0 \u00a0 \u00a0 \u00a0 \u00a0 \u00a0 \u00a0 \u00a0 \u00a0 \u00a0 \u00a0 \u00a0 \u00a0 \u00a0 \u00a0 \u00a0 \u00a0 \u00a0 \u00a0 \u00a0 \u00a0 \u00a0 \u00a0 \u00a0 \u00a0 \u00a0 \u00a0 \u00a0 \u00a0 \u00a0 \u00a0 \u00a0 \u00a0 \u00a0 \u00a0 \u00a0 \u00a0 \u00a0 \u00a0 \u00a0 \u00a0 \u00a0 \u00a0 \u00a0 \u00a0 \u00a0 \u00a0 \u00a0 \u00a0 \u00a0 \u00a0 \u00a0 \u00a0 \u00a0 \u00a0 \u00a0 \u00a0 \u00a0 \u00a0 \u00a0 \u00a0 \u00a0 \u00a0 \u00a0 \u00a0 \u00a0 \u00a0 \u00a0 \u00a0 \u00a0 \u00a0 \u00a0 \u00a0 \u00a0 \u00a0 \u00a0 \u00a0 data i podpis Dyrektora<\/em><\/p>\n<p>&nbsp;<\/p>\n<p>&nbsp;<\/p>\n<p>&nbsp;<\/p>\n<p>&nbsp;<\/p>\n","protected":false},"excerpt":{"rendered":"<p>Szkolny zestaw program\u00f3w nauczania w roku szkolnym 2024\/2025 Program edukacji wczesnoszkolnej w klasach 1-3 \u201eWielka przygoda\u201d \u2013do\u015bwiadczam-prze\u017cywam-poznaj\u0119-wyja\u015bniam-tworz\u0119. A. Budniak, M. Kisiel, M. Mnich &#8211;\u00a0kl. II. Program nauczania edukacji wczesnoszkolnej dla klas I-III Nowi Tropiciele Ma\u0142gorzata Kaczmarek, Jolanta Podsiad\u0142o, Monika Rogalska, Anna Tuli\u0144ska. &#8211;\u00a0kl.\u00a0III. Program nauczania wychowania fizycznego dla klas I &#8211; III ,,Nowi tropiciele&#8221; Ma\u0142gorzata &hellip; <\/p>\n<p class=\"link-more\"><a href=\"https:\/\/zspbierdzany.pl\/index.php\/szkolny-zestaw-programow-nauczania\/\" class=\"more-link\">Czytaj dalej<span class=\"screen-reader-text\"> Szkolny zestaw program\u00f3w nauczania<\/span><\/a><\/p>\n","protected":false},"author":1,"featured_media":0,"parent":0,"menu_order":0,"comment_status":"closed","ping_status":"closed","template":"","meta":{"footnotes":""},"_links":{"self":[{"href":"https:\/\/zspbierdzany.pl\/index.php\/wp-json\/wp\/v2\/pages\/969"}],"collection":[{"href":"https:\/\/zspbierdzany.pl\/index.php\/wp-json\/wp\/v2\/pages"}],"about":[{"href":"https:\/\/zspbierdzany.pl\/index.php\/wp-json\/wp\/v2\/types\/page"}],"author":[{"embeddable":true,"href":"https:\/\/zspbierdzany.pl\/index.php\/wp-json\/wp\/v2\/users\/1"}],"replies":[{"embeddable":true,"href":"https:\/\/zspbierdzany.pl\/index.php\/wp-json\/wp\/v2\/comments?post=969"}],"version-history":[{"count":4,"href":"https:\/\/zspbierdzany.pl\/index.php\/wp-json\/wp\/v2\/pages\/969\/revisions"}],"predecessor-version":[{"id":4613,"href":"https:\/\/zspbierdzany.pl\/index.php\/wp-json\/wp\/v2\/pages\/969\/revisions\/4613"}],"wp:attachment":[{"href":"https:\/\/zspbierdzany.pl\/index.php\/wp-json\/wp\/v2\/media?parent=969"}],"curies":[{"name":"wp","href":"https:\/\/api.w.org\/{rel}","templated":true}]}}